{"id":15,"date":"2015-04-03T19:24:16","date_gmt":"2015-04-03T17:24:16","guid":{"rendered":"http:\/\/zwierzyk.net\/?page_id=15"},"modified":"2015-04-03T19:24:16","modified_gmt":"2015-04-03T17:24:16","slug":"o-mnie","status":"publish","type":"page","link":"https:\/\/zwierzyk.pl\/?page_id=15","title":{"rendered":"O mnie"},"content":{"rendered":"<p>Ju\u017c nied\u0142ugo co\u015b tutaj napisz\u0119:-)<\/p>\n","protected":false},"excerpt":{"rendered":"<p>Ju\u017c nied\u0142ugo co\u015b tutaj napisz\u0119:-)<\/p>\n","protected":false},"author":1,"featured_media":0,"parent":0,"menu_order":0,"comment_status":"open","ping_status":"open","template":"","meta":{"jetpack_post_was_ever_published":false,"footnotes":""},"categories":[],"tags":[],"class_list":["post-15","page","type-page","status-publish","hentry"],"jetpack_sharing_enabled":true,"jetpack_shortlink":"https:\/\/wp.me\/PaBvtb-f","_links":{"self":[{"href":"https:\/\/zwierzyk.pl\/index.php?rest_route=\/wp\/v2\/pages\/15","targetHints":{"allow":["GET"]}}],"collection":[{"href":"https:\/\/zwierzyk.pl\/index.php?rest_route=\/wp\/v2\/pages"}],"about":[{"href":"https:\/\/zwierzyk.pl\/index.php?rest_route=\/wp\/v2\/types\/page"}],"author":[{"embeddable":true,"href":"https:\/\/zwierzyk.pl\/index.php?rest_route=\/wp\/v2\/users\/1"}],"replies":[{"embeddable":true,"href":"https:\/\/zwierzyk.pl\/index.php?rest_route=%2Fwp%2Fv2%2Fcomments&post=15"}],"version-history":[{"count":1,"href":"https:\/\/zwierzyk.pl\/index.php?rest_route=\/wp\/v2\/pages\/15\/revisions"}],"predecessor-version":[{"id":16,"href":"https:\/\/zwierzyk.pl\/index.php?rest_route=\/wp\/v2\/pages\/15\/revisions\/16"}],"wp:attachment":[{"href":"https:\/\/zwierzyk.pl\/index.php?rest_route=%2Fwp%2Fv2%2Fmedia&parent=15"}],"wp:term":[{"taxonomy":"category","embeddable":true,"href":"https:\/\/zwierzyk.pl\/index.php?rest_route=%2Fwp%2Fv2%2Fcategories&post=15"},{"taxonomy":"post_tag","embeddable":true,"href":"https:\/\/zwierzyk.pl\/index.php?rest_route=%2Fwp%2Fv2%2Ftags&post=15"}],"curies":[{"name":"wp","href":"https:\/\/api.w.org\/{rel}","templated":true}]}}